{"id":198,"date":"2023-09-05T07:35:36","date_gmt":"2023-09-05T07:35:36","guid":{"rendered":"https:\/\/odac.in\/creativetoolsandcomponents\/site\/?page_id=198"},"modified":"2024-10-07T09:31:37","modified_gmt":"2024-10-07T09:31:37","slug":"dental","status":"publish","type":"page","link":"https:\/\/creativetoolsindia.com\/medical\/dental\/","title":{"rendered":"Dental &#038; CMF"},"content":{"rendered":"\n<p>We can manufacture the following on behalf of our customers<\/p>\n\n\n\n<ul class=\"wp-block-list\">\n<li>Tissue-Level Dental Implants<\/li>\n\n\n\n<li>Bone-Level Dental Implants<\/li>\n\n\n\n<li>Custom Dental Prostheses (Abutment, Analog)<\/li>\n\n\n\n<li>Maxillofacial Plates<\/li>\n\n\n\n<li>Maxillofacial Screws (\u00d81.6, \u00d82, \u00d82.7)<\/li>\n<\/ul>\n\n\n\n<p><\/p>\n\n\n\n<div id=\"envira-gallery-wrap-249\" class=\"envira-gallery-wrap envira-gallery-theme-base envira-lightbox-theme-base\" itemscope itemtype=\"https:\/\/schema.org\/ImageGallery\"><div data-row-height=\"\" data-gallery-theme=\"\" id=\"envira-gallery-249\" class=\"envira-gallery-public  envira-gallery-4-columns envira-clear enviratope envira-gallery-css-animations\" data-envira-columns=\"4\"><div id=\"envira-gallery-item-787\" class=\"envira-gallery-item enviratope-item envira-gallery-item-1 envira-lazy-load\" style=\"padding-left: 8px; padding-bottom: 15px; padding-right: 8px;\"  itemscope itemtype=\"https:\/\/schema.org\/ImageObject\"><div class=\"envira-gallery-item-inner\"><div class=\"envira-gallery-position-overlay  envira-gallery-top-left\"><\/div><div class=\"envira-gallery-position-overlay  envira-gallery-top-right\"><\/div><div class=\"envira-gallery-position-overlay  envira-gallery-bottom-left\"><\/div><div class=\"envira-gallery-position-overlay  envira-gallery-bottom-right\"><\/div><a href=\"https:\/\/creativetoolsindia.com\/medical\/wp-content\/uploads\/2023\/09\/dental-cmf-page.jpg\" class=\"envira-gallery-249 envira-gallery-link\" rel=\"enviragallery249\" title=\"dental &amp;amp;#038; cmf page\" data-envira-caption=\"dental &amp;amp;#038; cmf page\" data-envira-retina=\"\" data-thumbnail=\"\"  itemprop=\"contentUrl\"><div class=\"envira-lazy\" data-test-width=\"640\" data-test-height=\"480\" style=\"padding-bottom:75%;\"><img decoding=\"async\" id=\"envira-gallery-image-787\" class=\"envira-gallery-image envira-gallery-image-1\" data-envira-index=\"1\" src=\"https:\/\/creativetoolsindia.com\/medical\/wp-content\/uploads\/2023\/09\/dental-cmf-page-640x480.jpg\" data-envira-src=\"https:\/\/creativetoolsindia.com\/medical\/wp-content\/uploads\/2023\/09\/dental-cmf-page-640x480.jpg\" data-envira-gallery-id=\"249\" data-envira-item-id=\"787\" data-envira-caption=\"dental &amp;amp;#038; cmf page\" alt=\"\" title=\"dental &amp;amp;amp;#038; cmf page\"  itemprop=\"thumbnailUrl\" data-envira-srcset=\"https:\/\/creativetoolsindia.com\/medical\/wp-content\/uploads\/2023\/09\/dental-cmf-page-640x480.jpg 400w,https:\/\/creativetoolsindia.com\/medical\/wp-content\/uploads\/2023\/09\/dental-cmf-page-640x480.jpg 2x\" srcset=\"data:image\/gif;base64,R0lGODlhAQABAIAAAP\/\/\/\/\/\/\/yH5BAEKAAEALAAAAAABAAEAAAICTAEAOw==\" \/><\/div><\/a><\/div><\/div><div id=\"envira-gallery-item-218\" class=\"envira-gallery-item enviratope-item envira-gallery-item-2 envira-lazy-load\" style=\"padding-left: 8px; padding-bottom: 15px; padding-right: 8px;\"  itemscope itemtype=\"https:\/\/schema.org\/ImageObject\"><div class=\"envira-gallery-item-inner\"><div class=\"envira-gallery-position-overlay  envira-gallery-top-left\"><\/div><div class=\"envira-gallery-position-overlay  envira-gallery-top-right\"><\/div><div class=\"envira-gallery-position-overlay  envira-gallery-bottom-left\"><\/div><div class=\"envira-gallery-position-overlay  envira-gallery-bottom-right\"><\/div><a href=\"https:\/\/creativetoolsindia.com\/medical\/wp-content\/uploads\/2023\/09\/3K5A1538.jpg\" class=\"envira-gallery-249 envira-gallery-link\" rel=\"enviragallery249\" title=\"3K5A1538\" data-envira-caption=\"3K5A1538\" data-envira-retina=\"\" data-thumbnail=\"\"  itemprop=\"contentUrl\"><div class=\"envira-lazy\" data-test-width=\"640\" data-test-height=\"480\" style=\"padding-bottom:75%;\"><img decoding=\"async\" id=\"envira-gallery-image-218\" class=\"envira-gallery-image envira-gallery-image-2\" data-envira-index=\"2\" src=\"https:\/\/creativetoolsindia.com\/medical\/wp-content\/uploads\/2023\/09\/3K5A1538-640x480.jpg\" data-envira-src=\"https:\/\/creativetoolsindia.com\/medical\/wp-content\/uploads\/2023\/09\/3K5A1538-640x480.jpg\" data-envira-gallery-id=\"249\" data-envira-item-id=\"218\" data-envira-caption=\"3K5A1538\" alt=\"\" title=\"3K5A1538\"  itemprop=\"thumbnailUrl\" data-envira-srcset=\"https:\/\/creativetoolsindia.com\/medical\/wp-content\/uploads\/2023\/09\/3K5A1538-640x480.jpg 400w,https:\/\/creativetoolsindia.com\/medical\/wp-content\/uploads\/2023\/09\/3K5A1538-640x480.jpg 2x\" srcset=\"data:image\/gif;base64,R0lGODlhAQABAIAAAP\/\/\/\/\/\/\/yH5BAEKAAEALAAAAAABAAEAAAICTAEAOw==\" \/><\/div><\/a><\/div><\/div><div id=\"envira-gallery-item-791\" class=\"envira-gallery-item enviratope-item envira-gallery-item-3 envira-lazy-load\" style=\"padding-left: 8px; padding-bottom: 15px; padding-right: 8px;\"  itemscope itemtype=\"https:\/\/schema.org\/ImageObject\"><div class=\"envira-gallery-item-inner\"><div class=\"envira-gallery-position-overlay  envira-gallery-top-left\"><\/div><div class=\"envira-gallery-position-overlay  envira-gallery-top-right\"><\/div><div class=\"envira-gallery-position-overlay  envira-gallery-bottom-left\"><\/div><div class=\"envira-gallery-position-overlay  envira-gallery-bottom-right\"><\/div><a href=\"https:\/\/creativetoolsindia.com\/medical\/wp-content\/uploads\/2023\/09\/istockphoto-1187679210-612x612-1.jpg\" class=\"envira-gallery-249 envira-gallery-link\" rel=\"enviragallery249\" title=\"istockphoto-1187679210-612&amp;amp;#215;612\" data-envira-caption=\"istockphoto-1187679210-612&amp;amp;#215;612\" data-envira-retina=\"\" data-thumbnail=\"\"  itemprop=\"contentUrl\"><div class=\"envira-lazy\" data-test-width=\"640\" data-test-height=\"480\" style=\"padding-bottom:75%;\"><img decoding=\"async\" id=\"envira-gallery-image-791\" class=\"envira-gallery-image envira-gallery-image-3\" data-envira-index=\"3\" src=\"https:\/\/creativetoolsindia.com\/medical\/wp-content\/uploads\/2023\/09\/istockphoto-1187679210-612x612-1-640x480.jpg\" data-envira-src=\"https:\/\/creativetoolsindia.com\/medical\/wp-content\/uploads\/2023\/09\/istockphoto-1187679210-612x612-1-640x480.jpg\" data-envira-gallery-id=\"249\" data-envira-item-id=\"791\" data-envira-caption=\"istockphoto-1187679210-612&amp;amp;#215;612\" alt=\"\" title=\"istockphoto-1187679210-612&amp;amp;amp;#215;612\"  itemprop=\"thumbnailUrl\" data-envira-srcset=\"https:\/\/creativetoolsindia.com\/medical\/wp-content\/uploads\/2023\/09\/istockphoto-1187679210-612x612-1-640x480.jpg 400w,https:\/\/creativetoolsindia.com\/medical\/wp-content\/uploads\/2023\/09\/istockphoto-1187679210-612x612-1-640x480.jpg 2x\" srcset=\"data:image\/gif;base64,R0lGODlhAQABAIAAAP\/\/\/\/\/\/\/yH5BAEKAAEALAAAAAABAAEAAAICTAEAOw==\" \/><\/div><\/a><\/div><\/div><div id=\"envira-gallery-item-215\" class=\"envira-gallery-item enviratope-item envira-gallery-item-4 envira-lazy-load\" style=\"padding-left: 8px; padding-bottom: 15px; padding-right: 8px;\"  itemscope itemtype=\"https:\/\/schema.org\/ImageObject\"><div class=\"envira-gallery-item-inner\"><div class=\"envira-gallery-position-overlay  envira-gallery-top-left\"><\/div><div class=\"envira-gallery-position-overlay  envira-gallery-top-right\"><\/div><div class=\"envira-gallery-position-overlay  envira-gallery-bottom-left\"><\/div><div class=\"envira-gallery-position-overlay  envira-gallery-bottom-right\"><\/div><a href=\"https:\/\/creativetoolsindia.com\/medical\/wp-content\/uploads\/2023\/09\/3K5A1535.jpg\" class=\"envira-gallery-249 envira-gallery-link\" rel=\"enviragallery249\" title=\"3K5A1535\" data-envira-caption=\"3K5A1535\" data-envira-retina=\"\" data-thumbnail=\"\"  itemprop=\"contentUrl\"><div class=\"envira-lazy\" data-test-width=\"640\" data-test-height=\"480\" style=\"padding-bottom:75%;\"><img decoding=\"async\" id=\"envira-gallery-image-215\" class=\"envira-gallery-image envira-gallery-image-4\" data-envira-index=\"4\" src=\"https:\/\/creativetoolsindia.com\/medical\/wp-content\/uploads\/2023\/09\/3K5A1535-640x480.jpg\" data-envira-src=\"https:\/\/creativetoolsindia.com\/medical\/wp-content\/uploads\/2023\/09\/3K5A1535-640x480.jpg\" data-envira-gallery-id=\"249\" data-envira-item-id=\"215\" data-envira-caption=\"3K5A1535\" alt=\"\" title=\"3K5A1535\"  itemprop=\"thumbnailUrl\" data-envira-srcset=\"https:\/\/creativetoolsindia.com\/medical\/wp-content\/uploads\/2023\/09\/3K5A1535-640x480.jpg 400w,https:\/\/creativetoolsindia.com\/medical\/wp-content\/uploads\/2023\/09\/3K5A1535-640x480.jpg 2x\" srcset=\"data:image\/gif;base64,R0lGODlhAQABAIAAAP\/\/\/\/\/\/\/yH5BAEKAAEALAAAAAABAAEAAAICTAEAOw==\" \/><\/div><\/a><\/div><\/div><\/div><\/div><noscript><img decoding=\"async\" src=\"https:\/\/creativetoolsindia.com\/medical\/wp-content\/uploads\/2023\/09\/dental-cmf-page.jpg\" alt=\"\" \/><img decoding=\"async\" src=\"https:\/\/creativetoolsindia.com\/medical\/wp-content\/uploads\/2023\/09\/3K5A1538.jpg\" alt=\"\" \/><img decoding=\"async\" src=\"https:\/\/creativetoolsindia.com\/medical\/wp-content\/uploads\/2023\/09\/istockphoto-1187679210-612x612-1.jpg\" alt=\"\" \/><img decoding=\"async\" src=\"https:\/\/creativetoolsindia.com\/medical\/wp-content\/uploads\/2023\/09\/3K5A1535.jpg\" alt=\"\" \/><\/noscript>\n","protected":false},"excerpt":{"rendered":"<p>We can manufacture the following on behalf of our customers<\/p>\n","protected":false},"author":1,"featured_media":732,"parent":0,"menu_order":12,"comment_status":"closed","ping_status":"closed","template":"page-dental.php","meta":{"_acf_changed":false,"footnotes":""},"class_list":["post-198","page","type-page","status-publish","has-post-thumbnail","hentry"],"acf":[],"_links":{"self":[{"href":"https:\/\/creativetoolsindia.com\/medical\/wp-json\/wp\/v2\/pages\/198","targetHints":{"allow":["GET"]}}],"collection":[{"href":"https:\/\/creativetoolsindia.com\/medical\/wp-json\/wp\/v2\/pages"}],"about":[{"href":"https:\/\/creativetoolsindia.com\/medical\/wp-json\/wp\/v2\/types\/page"}],"author":[{"embeddable":true,"href":"https:\/\/creativetoolsindia.com\/medical\/wp-json\/wp\/v2\/users\/1"}],"replies":[{"embeddable":true,"href":"https:\/\/creativetoolsindia.com\/medical\/wp-json\/wp\/v2\/comments?post=198"}],"version-history":[{"count":9,"href":"https:\/\/creativetoolsindia.com\/medical\/wp-json\/wp\/v2\/pages\/198\/revisions"}],"predecessor-version":[{"id":681,"href":"https:\/\/creativetoolsindia.com\/medical\/wp-json\/wp\/v2\/pages\/198\/revisions\/681"}],"wp:featuredmedia":[{"embeddable":true,"href":"https:\/\/creativetoolsindia.com\/medical\/wp-json\/wp\/v2\/media\/732"}],"wp:attachment":[{"href":"https:\/\/creativetoolsindia.com\/medical\/wp-json\/wp\/v2\/media?parent=198"}],"curies":[{"name":"wp","href":"https:\/\/api.w.org\/{rel}","templated":true}]}}